{"id":1825,"date":"2026-01-14T10:13:46","date_gmt":"2026-01-14T10:13:46","guid":{"rendered":"https:\/\/lucialopezpsi.com\/legal-notice\/"},"modified":"2026-01-19T18:23:06","modified_gmt":"2026-01-19T18:23:06","slug":"legal-notice","status":"publish","type":"page","link":"https:\/\/lucialopezpsi.com\/en\/legal-notice\/","title":{"rendered":"Legal Notice"},"content":{"rendered":"\n<h1 class=\"wp-block-heading\">Legal Notice<\/h1>\n\n<p>In compliance with the provisions of <strong>Law 34\/2002, of July 11<\/strong>, on Information Society Services and Electronic Commerce (LSSI-CE), users are informed of the identification data of the owner of this website.<\/p>\n\n<hr class=\"wp-block-separator has-alpha-channel-opacity\"\/>\n\n<h3 class=\"wp-block-heading\">1. General information<\/h3>\n\n<p><strong>Website owner:<\/strong> GRUPO REBULE SRL<br\/><strong>CIF:<\/strong> B75768580<br\/><strong>Registered address:<\/strong> Urbanizaci\u00f3n A Campi\u00f1a, 76<br\/>27192 \u2013 Lugo<br\/><strong>Email:<\/strong> <a>info@lucialopezpsi.com<\/a><\/p>\n\n<p>Access to and use of this website implies the condition of user, who accepts, from such access and\/or use, the conditions reflected herein.<\/p>\n\n<hr class=\"wp-block-separator has-alpha-channel-opacity\"\/>\n\n<h3 class=\"wp-block-heading\">2. Purpose of the website<\/h3>\n\n<p>The purpose of this website is to offer information about the professional services provided by GRUPO REBULE SRL in the field of real estate support, investment, rental management, feasibility analysis and related services, as well as to facilitate contact with people interested in these services.<\/p>\n\n<p>The information contained on the website is for informational purposes only and does not constitute binding legal, tax, or financial advice.<\/p>\n\n<hr class=\"wp-block-separator has-alpha-channel-opacity\"\/>\n\n<h3 class=\"wp-block-heading\">3. Terms of use<\/h3>\n\n<p>The user agrees to use this website in a lawful, diligent manner and in accordance with current legislation, good faith and public order.<\/p>\n\n<p>The following is expressly prohibited:<\/p>\n\n<ul class=\"wp-block-list\">\n<li>Use the website for illegal or fraudulent purposes.<\/li>\n\n\n\n<li>Enter false data or data of third parties without their consent.<\/li>\n\n\n\n<li>Cause damage to the physical or logical systems of the website owner or third parties.<\/li>\n\n\n\n<li>Attempt to access restricted areas of the website without authorization.<\/li>\n<\/ul>\n\n<p>GRUPO REBULE SRL reserves the right to limit, suspend or withdraw access to the website to those users who fail to comply with these conditions.<\/p>\n\n<hr class=\"wp-block-separator has-alpha-channel-opacity\"\/>\n\n<h3 class=\"wp-block-heading\">4. Intellectual and industrial property<\/h3>\n\n<p>All the contents of the website, including but not limited to: texts, images, photographs, graphic design, logos, icons, structure, source code and other elements, are the property of GRUPO REBULE SRL or it has the necessary rights for its use.<\/p>\n\n<p>The reproduction, distribution, public communication, transformation or any other form of exploitation of said contents without the express written authorization of the owner is prohibited.<\/p>\n\n<hr class=\"wp-block-separator has-alpha-channel-opacity\"\/>\n\n<h3 class=\"wp-block-heading\">5. Responsibility<\/h3>\n\n<p>GRUPO REBULE SRL does not guarantee the absence of errors in access to the website, in its content, nor that it is permanently updated, although it will adopt the necessary measures to correct them when they are detected.<\/p>\n\n<p>It is not responsible for:<\/p>\n\n<ul class=\"wp-block-list\">\n<li>Damages derived from the use of the website.<\/li>\n\n\n\n<li>Service interruptions or technical failures.<\/li>\n\n\n\n<li>Content of third parties that can be accessed through external links.<\/li>\n<\/ul>\n\n<p>The user accesses the website under their own responsibility.<\/p>\n\n<hr class=\"wp-block-separator has-alpha-channel-opacity\"\/>\n\n<h3 class=\"wp-block-heading\">6. External links<\/h3>\n\n<p>This website may contain links to third-party websites. GRUPO REBULE SRL does not exercise any control over these sites or their contents, and therefore assumes no responsibility for them. <\/p>\n\n<p>The inclusion of links does not imply a relationship, recommendation or approval by GRUPO REBULE SRL.<\/p>\n\n<hr class=\"wp-block-separator has-alpha-channel-opacity\"\/>\n\n<h3 class=\"wp-block-heading\">7. Protection of personal data<\/h3>\n\n<p>The processing of users&#8217; personal data is governed by the provisions of the <strong><a href=\"https:\/\/lucialopezpsi.com\/politica-de-privacidad\/\" data-type=\"page\" data-id=\"3\">Privacy Policy<\/a><\/strong>, available on this website, which provides detailed information on how personal data is collected, used and protected.<\/p>\n\n<p>The user is advised to read this policy carefully before providing any personal data.<\/p>\n\n<hr class=\"wp-block-separator has-alpha-channel-opacity\"\/>\n\n<h3 class=\"wp-block-heading\">8. Use of cookies<\/h3>\n\n<p>This website uses its own and third-party cookies to ensure its proper functioning and to perform statistical analysis of the use of the site.<br\/>You can obtain more information by consulting the <strong><a href=\"https:\/\/lucialopezpsi.com\/en\/cookies-policy-eu\/\" data-type=\"page\" data-id=\"1710\">Cookies Policy<\/a><\/strong>. <\/p>\n\n<hr class=\"wp-block-separator has-alpha-channel-opacity\"\/>\n\n<h3 class=\"wp-block-heading\">9. Applicable law and jurisdiction<\/h3>\n\n<p>This Legal Notice is governed entirely by Spanish law.<\/p>\n\n<p>For the resolution of any dispute that may arise in relation to the website or the services provided, the parties submit to the courts and tribunals that correspond in accordance with the applicable regulations.<\/p>\n\n<hr class=\"wp-block-separator has-alpha-channel-opacity\"\/>\n\n<h3 class=\"wp-block-heading\">10. Modifications<\/h3>\n\n<p>GRUPO REBULE SRL reserves the right to modify the content of this Legal Notice at any time to adapt it to legislative, jurisprudential changes or modifications in the activity or on the website itself.<\/p>\n\n<p>The current version will always be available on this page.<\/p>\n","protected":false},"excerpt":{"rendered":"<p>Legal Notice In compliance with the provisions of Law 34\/2002, of July 11, on Information Society Services and Electronic Commerce (LSSI-CE), users are informed of the identification data of the owner of this website. 1. General information Website owner: GRUPO REBULE SRLCIF: B75768580Registered address: Urbanizaci\u00f3n A Campi\u00f1a, 7627192 \u2013 LugoEmail: info@lucialopezpsi.com Access to and use [&hellip;]<\/p>\n","protected":false},"author":1,"featured_media":0,"parent":0,"menu_order":0,"comment_status":"closed","ping_status":"closed","template":"","meta":{"site-sidebar-layout":"default","site-content-layout":"","ast-site-content-layout":"default","site-content-style":"default","site-sidebar-style":"default","ast-global-header-display":"","ast-banner-title-visibility":"","ast-main-header-display":"","ast-hfb-above-header-display":"","ast-hfb-below-header-display":"","ast-hfb-mobile-header-display":"","site-post-title":"disabled","ast-breadcrumbs-content":"","ast-featured-img":"","footer-sml-layout":"","ast-disable-related-posts":"","theme-transparent-header-meta":"","adv-header-id-meta":"","stick-header-meta":"","header-above-stick-meta":"","header-main-stick-meta":"","header-below-stick-meta":"","astra-migrate-meta-layouts":"default","ast-page-background-enabled":"default","ast-page-background-meta":{"desktop":{"background-color":"var(--ast-global-color-4)","background-image":"","background-repeat":"repeat","background-position":"center center","background-size":"auto","background-attachment":"scroll","background-type":"","background-media":"","overlay-type":"","overlay-color":"","overlay-opacity":"","overlay-gradient":""},"tablet":{"background-color":"","background-image":"","background-repeat":"repeat","background-position":"center center","background-size":"auto","background-attachment":"scroll","background-type":"","background-media":"","overlay-type":"","overlay-color":"","overlay-opacity":"","overlay-gradient":""},"mobile":{"background-color":"","background-image":"","background-repeat":"repeat","background-position":"center center","background-size":"auto","background-attachment":"scroll","background-type":"","background-media":"","overlay-type":"","overlay-color":"","overlay-opacity":"","overlay-gradient":""}},"ast-content-background-meta":{"desktop":{"background-color":"var(--ast-global-color-5)","background-image":"","background-repeat":"repeat","background-position":"center center","background-size":"auto","background-attachment":"scroll","background-type":"","background-media":"","overlay-type":"","overlay-color":"","overlay-opacity":"","overlay-gradient":""},"tablet":{"background-color":"var(--ast-global-color-5)","background-image":"","background-repeat":"repeat","background-position":"center center","background-size":"auto","background-attachment":"scroll","background-type":"","background-media":"","overlay-type":"","overlay-color":"","overlay-opacity":"","overlay-gradient":""},"mobile":{"background-color":"var(--ast-global-color-5)","background-image":"","background-repeat":"repeat","background-position":"center center","background-size":"auto","background-attachment":"scroll","background-type":"","background-media":"","overlay-type":"","overlay-color":"","overlay-opacity":"","overlay-gradient":""}},"_joinchat":[],"footnotes":""},"class_list":["post-1825","page","type-page","status-publish","hentry"],"yoast_head":"<!-- This site is optimized with the Yoast SEO plugin v27.3 - https:\/\/yoast.com\/product\/yoast-seo-wordpress\/ -->\n<title>Legal Notice - Luc\u00eda L\u00f3pez PSI<\/title>\n<meta name=\"robots\" content=\"index, follow, max-snippet:-1, max-image-preview:large, max-video-preview:-1\" \/>\n<link rel=\"canonical\" href=\"https:\/\/lucialopezpsi.com\/en\/legal-notice\/\" \/>\n<meta property=\"og:locale\" content=\"en_US\" \/>\n<meta property=\"og:type\" content=\"article\" \/>\n<meta property=\"og:title\" content=\"Legal Notice - Luc\u00eda L\u00f3pez PSI\" \/>\n<meta property=\"og:description\" content=\"Legal Notice In compliance with the provisions of Law 34\/2002, of July 11, on Information Society Services and Electronic Commerce (LSSI-CE), users are informed of the identification data of the owner of this website. 1. General information Website owner: GRUPO REBULE SRLCIF: B75768580Registered address: Urbanizaci\u00f3n A Campi\u00f1a, 7627192 \u2013 LugoEmail: info@lucialopezpsi.com Access to and use [&hellip;]\" \/>\n<meta property=\"og:url\" content=\"https:\/\/lucialopezpsi.com\/en\/legal-notice\/\" \/>\n<meta property=\"og:site_name\" content=\"Luc\u00eda L\u00f3pez PSI\" \/>\n<meta property=\"article:modified_time\" content=\"2026-01-19T18:23:06+00:00\" \/>\n<meta name=\"twitter:card\" content=\"summary_large_image\" \/>\n<meta name=\"twitter:label1\" content=\"Est. reading time\" \/>\n\t<meta name=\"twitter:data1\" content=\"3 minutes\" \/>\n<script type=\"application\/ld+json\" class=\"yoast-schema-graph\">{\"@context\":\"https:\\\/\\\/schema.org\",\"@graph\":[{\"@type\":\"WebPage\",\"@id\":\"https:\\\/\\\/lucialopezpsi.com\\\/en\\\/legal-notice\\\/\",\"url\":\"https:\\\/\\\/lucialopezpsi.com\\\/en\\\/legal-notice\\\/\",\"name\":\"Legal Notice - Luc\u00eda L\u00f3pez PSI\",\"isPartOf\":{\"@id\":\"https:\\\/\\\/lucialopezpsi.com\\\/en\\\/#website\"},\"datePublished\":\"2026-01-14T10:13:46+00:00\",\"dateModified\":\"2026-01-19T18:23:06+00:00\",\"breadcrumb\":{\"@id\":\"https:\\\/\\\/lucialopezpsi.com\\\/en\\\/legal-notice\\\/#breadcrumb\"},\"inLanguage\":\"en-US\",\"potentialAction\":[{\"@type\":\"ReadAction\",\"target\":[\"https:\\\/\\\/lucialopezpsi.com\\\/en\\\/legal-notice\\\/\"]}]},{\"@type\":\"BreadcrumbList\",\"@id\":\"https:\\\/\\\/lucialopezpsi.com\\\/en\\\/legal-notice\\\/#breadcrumb\",\"itemListElement\":[{\"@type\":\"ListItem\",\"position\":1,\"name\":\"Portada\",\"item\":\"https:\\\/\\\/lucialopezpsi.com\\\/en\\\/\"},{\"@type\":\"ListItem\",\"position\":2,\"name\":\"Legal Notice\"}]},{\"@type\":\"WebSite\",\"@id\":\"https:\\\/\\\/lucialopezpsi.com\\\/en\\\/#website\",\"url\":\"https:\\\/\\\/lucialopezpsi.com\\\/en\\\/\",\"name\":\"Luc\u00eda L\u00f3pez PSI\",\"description\":\"Sitio web Luc\u00eda L\u00f3pez PSI\",\"publisher\":{\"@id\":\"https:\\\/\\\/lucialopezpsi.com\\\/en\\\/#\\\/schema\\\/person\\\/bb87d028038a7c13aaea09887776285b\"},\"potentialAction\":[{\"@type\":\"SearchAction\",\"target\":{\"@type\":\"EntryPoint\",\"urlTemplate\":\"https:\\\/\\\/lucialopezpsi.com\\\/en\\\/?s={search_term_string}\"},\"query-input\":{\"@type\":\"PropertyValueSpecification\",\"valueRequired\":true,\"valueName\":\"search_term_string\"}}],\"inLanguage\":\"en-US\"},{\"@type\":[\"Person\",\"Organization\"],\"@id\":\"https:\\\/\\\/lucialopezpsi.com\\\/en\\\/#\\\/schema\\\/person\\\/bb87d028038a7c13aaea09887776285b\",\"name\":\"lucialopez\",\"image\":{\"@type\":\"ImageObject\",\"inLanguage\":\"en-US\",\"@id\":\"https:\\\/\\\/lucialopezpsi.com\\\/wp-content\\\/uploads\\\/2026\\\/01\\\/lucialopez-psi.jpg\",\"url\":\"https:\\\/\\\/lucialopezpsi.com\\\/wp-content\\\/uploads\\\/2026\\\/01\\\/lucialopez-psi.jpg\",\"contentUrl\":\"https:\\\/\\\/lucialopezpsi.com\\\/wp-content\\\/uploads\\\/2026\\\/01\\\/lucialopez-psi.jpg\",\"width\":446,\"height\":445,\"caption\":\"lucialopez\"},\"logo\":{\"@id\":\"https:\\\/\\\/lucialopezpsi.com\\\/wp-content\\\/uploads\\\/2026\\\/01\\\/lucialopez-psi.jpg\"},\"sameAs\":[\"https:\\\/\\\/lucialopezpsi.com\"]}]}<\/script>\n<!-- \/ Yoast SEO plugin. -->","yoast_head_json":{"title":"Legal Notice - Luc\u00eda L\u00f3pez PSI","robots":{"index":"index","follow":"follow","max-snippet":"max-snippet:-1","max-image-preview":"max-image-preview:large","max-video-preview":"max-video-preview:-1"},"canonical":"https:\/\/lucialopezpsi.com\/en\/legal-notice\/","og_locale":"en_US","og_type":"article","og_title":"Legal Notice - Luc\u00eda L\u00f3pez PSI","og_description":"Legal Notice In compliance with the provisions of Law 34\/2002, of July 11, on Information Society Services and Electronic Commerce (LSSI-CE), users are informed of the identification data of the owner of this website. 1. General information Website owner: GRUPO REBULE SRLCIF: B75768580Registered address: Urbanizaci\u00f3n A Campi\u00f1a, 7627192 \u2013 LugoEmail: info@lucialopezpsi.com Access to and use [&hellip;]","og_url":"https:\/\/lucialopezpsi.com\/en\/legal-notice\/","og_site_name":"Luc\u00eda L\u00f3pez PSI","article_modified_time":"2026-01-19T18:23:06+00:00","twitter_card":"summary_large_image","twitter_misc":{"Est. reading time":"3 minutes"},"schema":{"@context":"https:\/\/schema.org","@graph":[{"@type":"WebPage","@id":"https:\/\/lucialopezpsi.com\/en\/legal-notice\/","url":"https:\/\/lucialopezpsi.com\/en\/legal-notice\/","name":"Legal Notice - Luc\u00eda L\u00f3pez PSI","isPartOf":{"@id":"https:\/\/lucialopezpsi.com\/en\/#website"},"datePublished":"2026-01-14T10:13:46+00:00","dateModified":"2026-01-19T18:23:06+00:00","breadcrumb":{"@id":"https:\/\/lucialopezpsi.com\/en\/legal-notice\/#breadcrumb"},"inLanguage":"en-US","potentialAction":[{"@type":"ReadAction","target":["https:\/\/lucialopezpsi.com\/en\/legal-notice\/"]}]},{"@type":"BreadcrumbList","@id":"https:\/\/lucialopezpsi.com\/en\/legal-notice\/#breadcrumb","itemListElement":[{"@type":"ListItem","position":1,"name":"Portada","item":"https:\/\/lucialopezpsi.com\/en\/"},{"@type":"ListItem","position":2,"name":"Legal Notice"}]},{"@type":"WebSite","@id":"https:\/\/lucialopezpsi.com\/en\/#website","url":"https:\/\/lucialopezpsi.com\/en\/","name":"Luc\u00eda L\u00f3pez PSI","description":"Sitio web Luc\u00eda L\u00f3pez PSI","publisher":{"@id":"https:\/\/lucialopezpsi.com\/en\/#\/schema\/person\/bb87d028038a7c13aaea09887776285b"},"potentialAction":[{"@type":"SearchAction","target":{"@type":"EntryPoint","urlTemplate":"https:\/\/lucialopezpsi.com\/en\/?s={search_term_string}"},"query-input":{"@type":"PropertyValueSpecification","valueRequired":true,"valueName":"search_term_string"}}],"inLanguage":"en-US"},{"@type":["Person","Organization"],"@id":"https:\/\/lucialopezpsi.com\/en\/#\/schema\/person\/bb87d028038a7c13aaea09887776285b","name":"lucialopez","image":{"@type":"ImageObject","inLanguage":"en-US","@id":"https:\/\/lucialopezpsi.com\/wp-content\/uploads\/2026\/01\/lucialopez-psi.jpg","url":"https:\/\/lucialopezpsi.com\/wp-content\/uploads\/2026\/01\/lucialopez-psi.jpg","contentUrl":"https:\/\/lucialopezpsi.com\/wp-content\/uploads\/2026\/01\/lucialopez-psi.jpg","width":446,"height":445,"caption":"lucialopez"},"logo":{"@id":"https:\/\/lucialopezpsi.com\/wp-content\/uploads\/2026\/01\/lucialopez-psi.jpg"},"sameAs":["https:\/\/lucialopezpsi.com"]}]}},"_links":{"self":[{"href":"https:\/\/lucialopezpsi.com\/en\/wp-json\/wp\/v2\/pages\/1825","targetHints":{"allow":["GET"]}}],"collection":[{"href":"https:\/\/lucialopezpsi.com\/en\/wp-json\/wp\/v2\/pages"}],"about":[{"href":"https:\/\/lucialopezpsi.com\/en\/wp-json\/wp\/v2\/types\/page"}],"author":[{"embeddable":true,"href":"https:\/\/lucialopezpsi.com\/en\/wp-json\/wp\/v2\/users\/1"}],"replies":[{"embeddable":true,"href":"https:\/\/lucialopezpsi.com\/en\/wp-json\/wp\/v2\/comments?post=1825"}],"version-history":[{"count":1,"href":"https:\/\/lucialopezpsi.com\/en\/wp-json\/wp\/v2\/pages\/1825\/revisions"}],"predecessor-version":[{"id":1826,"href":"https:\/\/lucialopezpsi.com\/en\/wp-json\/wp\/v2\/pages\/1825\/revisions\/1826"}],"wp:attachment":[{"href":"https:\/\/lucialopezpsi.com\/en\/wp-json\/wp\/v2\/media?parent=1825"}],"curies":[{"name":"wp","href":"https:\/\/api.w.org\/{rel}","templated":true}]}}